{"id":960,"date":"2021-07-14T15:57:03","date_gmt":"2021-07-14T15:57:03","guid":{"rendered":"https:\/\/hiddenbed.lombrizserver6.com\/?post_type=product&#038;p=960"},"modified":"2023-01-09T14:34:42","modified_gmt":"2023-01-09T14:34:42","slug":"herraje-sillon-escritorio","status":"publish","type":"product","link":"https:\/\/hiddenbed.com\/tr\/urun\/herraje-sillon-escritorio\/","title":{"rendered":"Koltuk + \u00e7al\u0131\u015fma masas\u0131 i\u00e7in donan\u0131m"},"content":{"rendered":"<p>\u00c7ok i\u015flevli mobilyalar i\u00e7in donan\u0131m. Koltuk+masa olmak \u00fczere iki model yap\u0131lmas\u0131na olanak sa\u011flar. Bu donan\u0131m\u0131 sat\u0131n al\u0131n ve bu modelleri olu\u015fturmak i\u00e7in planlar\u0131 al\u0131n.<\/p>","protected":false},"excerpt":{"rendered":"<p>Bu donan\u0131m\u0131 sat\u0131n al\u0131n ve iki model koltuk + masa olu\u015fturma planlar\u0131n\u0131 al\u0131n.<\/p>","protected":false},"featured_media":962,"comment_status":"open","ping_status":"closed","template":"","meta":{"_seopress_robots_primary_cat":"none","_seopress_titles_title":"","_seopress_titles_desc":"","_seopress_robots_index":"","content-type":"","_joinchat":[]},"product_brand":[],"product_cat":[69],"product_tag":[],"class_list":{"0":"post-960","1":"product","2":"type-product","3":"status-publish","4":"has-post-thumbnail","6":"product_cat-sin-categorizar","8":"first","9":"instock","10":"sold-individually","11":"shipping-taxable","12":"purchasable","13":"product-type-simple"},"_links":{"self":[{"href":"https:\/\/hiddenbed.com\/tr\/wp-json\/wp\/v2\/product\/960","targetHints":{"allow":["GET"]}}],"collection":[{"href":"https:\/\/hiddenbed.com\/tr\/wp-json\/wp\/v2\/product"}],"about":[{"href":"https:\/\/hiddenbed.com\/tr\/wp-json\/wp\/v2\/types\/product"}],"replies":[{"embeddable":true,"href":"https:\/\/hiddenbed.com\/tr\/wp-json\/wp\/v2\/comments?post=960"}],"wp:featuredmedia":[{"embeddable":true,"href":"https:\/\/hiddenbed.com\/tr\/wp-json\/wp\/v2\/media\/962"}],"wp:attachment":[{"href":"https:\/\/hiddenbed.com\/tr\/wp-json\/wp\/v2\/media?parent=960"}],"wp:term":[{"taxonomy":"product_brand","embeddable":true,"href":"https:\/\/hiddenbed.com\/tr\/wp-json\/wp\/v2\/product_brand?post=960"},{"taxonomy":"product_cat","embeddable":true,"href":"https:\/\/hiddenbed.com\/tr\/wp-json\/wp\/v2\/product_cat?post=960"},{"taxonomy":"product_tag","embeddable":true,"href":"https:\/\/hiddenbed.com\/tr\/wp-json\/wp\/v2\/product_tag?post=960"}],"curies":[{"name":"wp","href":"https:\/\/api.w.org\/{rel}","templated":true}]}}