{"id":932,"date":"2021-07-14T14:00:15","date_gmt":"2021-07-14T14:00:15","guid":{"rendered":"https:\/\/hiddenbed.lombrizserver6.com\/?post_type=product&#038;p=932"},"modified":"2023-01-09T14:36:02","modified_gmt":"2023-01-09T14:36:02","slug":"herraje-cama-2-plazas-escritorio-majestic","status":"publish","type":"product","link":"https:\/\/hiddenbed.com\/tr\/urun\/herraje-cama-2-plazas-escritorio-majestic\/","title":{"rendered":"\u00c7ift ki\u015filik yatak + Masa i\u00e7in Donan\u0131m (Majestic)"},"content":{"rendered":"<p>\u00c7ok i\u015flevli mobilyalar i\u00e7in donan\u0131m. Katlan\u0131r \u00e7ift ki\u015filik yatak + \u00e7al\u0131\u015fma masas\u0131 yap\u0131lmas\u0131n\u0131 sa\u011flar. Bu donan\u0131m\u0131 sat\u0131n al\u0131n ve bu modeli olu\u015fturmak i\u00e7in planlar\u0131 al\u0131n.<\/p>","protected":false},"excerpt":{"rendered":"<p>Bu donan\u0131m\u0131 sat\u0131n al\u0131n ve katlan\u0131r bir \u00e7ift ki\u015filik yatak + Masa olu\u015fturmak i\u00e7in planlar\u0131 al\u0131n<\/p>","protected":false},"featured_media":934,"comment_status":"open","ping_status":"closed","template":"","meta":{"_seopress_robots_primary_cat":"none","_seopress_titles_title":"","_seopress_titles_desc":"","_seopress_robots_index":"","content-type":"","_joinchat":[]},"product_brand":[],"product_cat":[69],"product_tag":[],"class_list":{"0":"post-932","1":"product","2":"type-product","3":"status-publish","4":"has-post-thumbnail","6":"product_cat-sin-categorizar","8":"first","9":"instock","10":"sold-individually","11":"shipping-taxable","12":"purchasable","13":"product-type-simple"},"_links":{"self":[{"href":"https:\/\/hiddenbed.com\/tr\/wp-json\/wp\/v2\/product\/932","targetHints":{"allow":["GET"]}}],"collection":[{"href":"https:\/\/hiddenbed.com\/tr\/wp-json\/wp\/v2\/product"}],"about":[{"href":"https:\/\/hiddenbed.com\/tr\/wp-json\/wp\/v2\/types\/product"}],"replies":[{"embeddable":true,"href":"https:\/\/hiddenbed.com\/tr\/wp-json\/wp\/v2\/comments?post=932"}],"wp:featuredmedia":[{"embeddable":true,"href":"https:\/\/hiddenbed.com\/tr\/wp-json\/wp\/v2\/media\/934"}],"wp:attachment":[{"href":"https:\/\/hiddenbed.com\/tr\/wp-json\/wp\/v2\/media?parent=932"}],"wp:term":[{"taxonomy":"product_brand","embeddable":true,"href":"https:\/\/hiddenbed.com\/tr\/wp-json\/wp\/v2\/product_brand?post=932"},{"taxonomy":"product_cat","embeddable":true,"href":"https:\/\/hiddenbed.com\/tr\/wp-json\/wp\/v2\/product_cat?post=932"},{"taxonomy":"product_tag","embeddable":true,"href":"https:\/\/hiddenbed.com\/tr\/wp-json\/wp\/v2\/product_tag?post=932"}],"curies":[{"name":"wp","href":"https:\/\/api.w.org\/{rel}","templated":true}]}}