{"id":964,"date":"2021-07-14T16:02:40","date_gmt":"2021-07-14T16:02:40","guid":{"rendered":"https:\/\/hiddenbed.lombrizserver6.com\/?post_type=product&#038;p=964"},"modified":"2023-01-09T14:37:08","modified_gmt":"2023-01-09T14:37:08","slug":"herraje-cama-mascota","status":"publish","type":"product","link":"https:\/\/hiddenbed.com\/pt\/produto\/herraje-cama-mascota\/","title":{"rendered":"Hardware para cama de animal de estima\u00e7\u00e3o"},"content":{"rendered":"<p>Ferragens para m\u00f3veis multifuncionais. Permite que voc\u00ea construa uma cama dobr\u00e1vel para animais de estima\u00e7\u00e3o. Compre este hardware e obtenha os projetos para construir este modelo.<\/p>","protected":false},"excerpt":{"rendered":"<p>Compre este hardware e obtenha as plantas para construir uma cama dobr\u00e1vel para animais de estima\u00e7\u00e3o.<\/p>","protected":false},"featured_media":966,"comment_status":"open","ping_status":"closed","template":"","meta":{"_seopress_robots_primary_cat":"none","_seopress_titles_title":"","_seopress_titles_desc":"","_seopress_robots_index":"","content-type":"","_joinchat":[]},"product_brand":[],"product_cat":[69],"product_tag":[],"class_list":{"0":"post-964","1":"product","2":"type-product","3":"status-publish","4":"has-post-thumbnail","6":"product_cat-sin-categorizar","8":"first","9":"instock","10":"sold-individually","11":"shipping-taxable","12":"purchasable","13":"product-type-simple"},"_links":{"self":[{"href":"https:\/\/hiddenbed.com\/pt\/wp-json\/wp\/v2\/product\/964","targetHints":{"allow":["GET"]}}],"collection":[{"href":"https:\/\/hiddenbed.com\/pt\/wp-json\/wp\/v2\/product"}],"about":[{"href":"https:\/\/hiddenbed.com\/pt\/wp-json\/wp\/v2\/types\/product"}],"replies":[{"embeddable":true,"href":"https:\/\/hiddenbed.com\/pt\/wp-json\/wp\/v2\/comments?post=964"}],"wp:featuredmedia":[{"embeddable":true,"href":"https:\/\/hiddenbed.com\/pt\/wp-json\/wp\/v2\/media\/966"}],"wp:attachment":[{"href":"https:\/\/hiddenbed.com\/pt\/wp-json\/wp\/v2\/media?parent=964"}],"wp:term":[{"taxonomy":"product_brand","embeddable":true,"href":"https:\/\/hiddenbed.com\/pt\/wp-json\/wp\/v2\/product_brand?post=964"},{"taxonomy":"product_cat","embeddable":true,"href":"https:\/\/hiddenbed.com\/pt\/wp-json\/wp\/v2\/product_cat?post=964"},{"taxonomy":"product_tag","embeddable":true,"href":"https:\/\/hiddenbed.com\/pt\/wp-json\/wp\/v2\/product_tag?post=964"}],"curies":[{"name":"wp","href":"https:\/\/api.w.org\/{rel}","templated":true}]}}