{"id":943,"date":"2021-07-14T14:11:31","date_gmt":"2021-07-14T14:11:31","guid":{"rendered":"https:\/\/hiddenbed.lombrizserver6.com\/?post_type=product&#038;p=943"},"modified":"2023-01-09T14:35:43","modified_gmt":"2023-01-09T14:35:43","slug":"herraje-cama-1-plaza-escritorio-majestic","status":"publish","type":"product","link":"https:\/\/hiddenbed.com\/pl\/produkt\/herraje-cama-1-plaza-escritorio-majestic\/","title":{"rendered":"Okucia do \u0142\u00f3\u017cka jednoosobowego + Biurko (Majestic)"},"content":{"rendered":"<p>Okucia do mebli wielofunkcyjnych. Pozwala na zbudowanie rozk\u0142adanego \u0142\u00f3\u017cka jednoosobowego + biurka. Kup ten sprz\u0119t i zdob\u0105d\u017a plany budowy tego modelu.<\/p>","protected":false},"excerpt":{"rendered":"<p>Kup ten sprz\u0119t i zdob\u0105d\u017a plany, aby zbudowa\u0107 sk\u0142adane \u0142\u00f3\u017cko pojedyncze + biurko.<\/p>","protected":false},"featured_media":945,"comment_status":"open","ping_status":"closed","template":"","meta":{"_seopress_robots_primary_cat":"none","_seopress_titles_title":"","_seopress_titles_desc":"","_seopress_robots_index":"","content-type":"","_joinchat":[]},"product_brand":[],"product_cat":[69],"product_tag":[],"class_list":{"0":"post-943","1":"product","2":"type-product","3":"status-publish","4":"has-post-thumbnail","6":"product_cat-sin-categorizar","8":"first","9":"instock","10":"sold-individually","11":"shipping-taxable","12":"purchasable","13":"product-type-simple"},"_links":{"self":[{"href":"https:\/\/hiddenbed.com\/pl\/wp-json\/wp\/v2\/product\/943","targetHints":{"allow":["GET"]}}],"collection":[{"href":"https:\/\/hiddenbed.com\/pl\/wp-json\/wp\/v2\/product"}],"about":[{"href":"https:\/\/hiddenbed.com\/pl\/wp-json\/wp\/v2\/types\/product"}],"replies":[{"embeddable":true,"href":"https:\/\/hiddenbed.com\/pl\/wp-json\/wp\/v2\/comments?post=943"}],"wp:featuredmedia":[{"embeddable":true,"href":"https:\/\/hiddenbed.com\/pl\/wp-json\/wp\/v2\/media\/945"}],"wp:attachment":[{"href":"https:\/\/hiddenbed.com\/pl\/wp-json\/wp\/v2\/media?parent=943"}],"wp:term":[{"taxonomy":"product_brand","embeddable":true,"href":"https:\/\/hiddenbed.com\/pl\/wp-json\/wp\/v2\/product_brand?post=943"},{"taxonomy":"product_cat","embeddable":true,"href":"https:\/\/hiddenbed.com\/pl\/wp-json\/wp\/v2\/product_cat?post=943"},{"taxonomy":"product_tag","embeddable":true,"href":"https:\/\/hiddenbed.com\/pl\/wp-json\/wp\/v2\/product_tag?post=943"}],"curies":[{"name":"wp","href":"https:\/\/api.w.org\/{rel}","templated":true}]}}